{"id":3606,"date":"2020-08-06T00:02:40","date_gmt":"2020-08-05T22:02:40","guid":{"rendered":"https:\/\/test.challenge-camerounais.com\/cc-event\/"},"modified":"2020-09-25T02:41:26","modified_gmt":"2020-09-25T00:41:26","slug":"cc-event","status":"publish","type":"page","link":"https:\/\/www.challenge-camerounais.com\/de\/cc-event\/","title":{"rendered":"CC Event"},"content":{"rendered":"\t\t<div data-elementor-type=\"wp-page\" data-elementor-id=\"3606\" class=\"elementor elementor-3606 elementor-2601\" data-elementor-post-type=\"page\">\n\t\t\t\t\t\t<section class=\"elementor-section elementor-top-section elementor-element elementor-element-ee0301c elementor-section-boxed elementor-section-height-default elementor-section-height-default\" data-id=\"ee0301c\" data-element_type=\"section\" data-e-type=\"section\">\n\t\t\t\t\t\t<div class=\"elementor-container elementor-column-gap-default\">\n\t\t\t\t\t<div class=\"elementor-column elementor-col-100 elementor-top-column elementor-element elementor-element-d4f8d0c\" data-id=\"d4f8d0c\" data-element_type=\"column\" data-e-type=\"column\">\n\t\t\t<div class=\"elementor-widget-wrap elementor-element-populated\">\n\t\t\t\t\t\t<div class=\"elementor-element elementor-element-98e12d4 elementor-widget elementor-widget-spacer\" data-id=\"98e12d4\" data-element_type=\"widget\" data-e-type=\"widget\" data-settings=\"{&quot;ekit_we_effect_on&quot;:&quot;none&quot;}\" data-widget_type=\"spacer.default\">\n\t\t\t\t<div class=\"elementor-widget-container\">\n\t\t\t\t\t\t\t<div class=\"elementor-spacer\">\n\t\t\t<div class=\"elementor-spacer-inner\"><\/div>\n\t\t<\/div>\n\t\t\t\t\t\t<\/div>\n\t\t\t\t<\/div>\n\t\t\t\t<div class=\"elementor-element elementor-element-6d586e8 elementor-widget elementor-widget-heading\" data-id=\"6d586e8\" data-element_type=\"widget\" data-e-type=\"widget\" data-settings=\"{&quot;ekit_we_effect_on&quot;:&quot;none&quot;}\" data-widget_type=\"heading.default\">\n\t\t\t\t<div class=\"elementor-widget-container\">\n\t\t\t\t\t<h1 class=\"elementor-heading-title elementor-size-xxl\">Challenge Camerounais Event (CC Event)<\/h1>\t\t\t\t<\/div>\n\t\t\t\t<\/div>\n\t\t\t\t<div class=\"elementor-element elementor-element-772c77f elementor-widget elementor-widget-spacer\" data-id=\"772c77f\" data-element_type=\"widget\" data-e-type=\"widget\" data-settings=\"{&quot;ekit_we_effect_on&quot;:&quot;none&quot;}\" data-widget_type=\"spacer.default\">\n\t\t\t\t<div class=\"elementor-widget-container\">\n\t\t\t\t\t\t\t<div class=\"elementor-spacer\">\n\t\t\t<div class=\"elementor-spacer-inner\"><\/div>\n\t\t<\/div>\n\t\t\t\t\t\t<\/div>\n\t\t\t\t<\/div>\n\t\t\t\t\t<\/div>\n\t\t<\/div>\n\t\t\t\t\t<\/div>\n\t\t<\/section>\n\t\t\t\t<section class=\"elementor-section elementor-top-section elementor-element elementor-element-00e1014 elementor-section-boxed elementor-section-height-default elementor-section-height-default\" data-id=\"00e1014\" data-element_type=\"section\" data-e-type=\"section\">\n\t\t\t\t\t\t<div class=\"elementor-container elementor-column-gap-default\">\n\t\t\t\t\t<div class=\"elementor-column elementor-col-100 elementor-top-column elementor-element elementor-element-a9bec96\" data-id=\"a9bec96\" data-element_type=\"column\" data-e-type=\"column\">\n\t\t\t<div class=\"elementor-widget-wrap elementor-element-populated\">\n\t\t\t\t\t\t<div class=\"elementor-element elementor-element-5ede29e elementor-widget elementor-widget-text-editor\" data-id=\"5ede29e\" data-element_type=\"widget\" data-e-type=\"widget\" data-settings=\"{&quot;ekit_we_effect_on&quot;:&quot;none&quot;}\" data-widget_type=\"text-editor.default\">\n\t\t\t\t<div class=\"elementor-widget-container\">\n\t\t\t\t\t\t\t\t\t<p><span style=\"color: #61ce70;\">More than just a game<br \/><\/span><\/p>\t\t\t\t\t\t\t\t<\/div>\n\t\t\t\t<\/div>\n\t\t\t\t\t<\/div>\n\t\t<\/div>\n\t\t\t\t\t<\/div>\n\t\t<\/section>\n\t\t\t\t<section class=\"elementor-section elementor-top-section elementor-element elementor-element-0d1d61f elementor-section-boxed elementor-section-height-default elementor-section-height-default\" data-id=\"0d1d61f\" data-element_type=\"section\" data-e-type=\"section\">\n\t\t\t\t\t\t<div class=\"elementor-container elementor-column-gap-default\">\n\t\t\t\t\t<div class=\"elementor-column elementor-col-100 elementor-top-column elementor-element elementor-element-5dc9130\" data-id=\"5dc9130\" data-element_type=\"column\" data-e-type=\"column\">\n\t\t\t<div class=\"elementor-widget-wrap elementor-element-populated\">\n\t\t\t\t\t\t<section class=\"elementor-section elementor-inner-section elementor-element elementor-element-63246c0 elementor-section-boxed elementor-section-height-default elementor-section-height-default\" data-id=\"63246c0\" data-element_type=\"section\" data-e-type=\"section\">\n\t\t\t\t\t\t<div class=\"elementor-container elementor-column-gap-default\">\n\t\t\t\t\t<div class=\"elementor-column elementor-col-33 elementor-inner-column elementor-element elementor-element-326f2ed\" data-id=\"326f2ed\" data-element_type=\"column\" data-e-type=\"column\" data-settings=\"{&quot;background_background&quot;:&quot;classic&quot;}\">\n\t\t\t<div class=\"elementor-widget-wrap elementor-element-populated\">\n\t\t\t\t\t\t<div class=\"elementor-element elementor-element-12fe708 charitious-align-center elementor-widget elementor-widget-xs-featured-box\" data-id=\"12fe708\" data-element_type=\"widget\" data-e-type=\"widget\" data-settings=\"{&quot;ekit_we_effect_on&quot;:&quot;none&quot;}\" data-widget_type=\"xs-featured-box.default\">\n\t\t\t\t<div class=\"elementor-widget-container\">\n\t\t\t\t\t\n\n                    <div class=\"xs-service-promo\">\n                                    <span class=\"fa fa-handshake-o\"><\/span>\n                                                    <h5>Open Air<br \/>Festival<\/h5>\n                                                    <p>Neben sportlichen Aktivit\u00e4ten wie Fu\u00dfball ist das Open-Air-Festival eine der gr\u00f6\u00dften Attraktionen des Challenge Camerounais.<\/p>\n                                                    <div class=\"xs-service-promo-overlay\"><\/div>\n                            <\/div>\n        \t\t\t\t\t<\/div>\n\t\t\t\t<\/div>\n\t\t\t\t\t<\/div>\n\t\t<\/div>\n\t\t\t\t<div class=\"elementor-column elementor-col-33 elementor-inner-column elementor-element elementor-element-a2188d0\" data-id=\"a2188d0\" data-element_type=\"column\" data-e-type=\"column\">\n\t\t\t<div class=\"elementor-widget-wrap elementor-element-populated\">\n\t\t\t\t\t\t<div class=\"elementor-element elementor-element-49c71bf charitious-align-center elementor-widget elementor-widget-xs-featured-box\" data-id=\"49c71bf\" data-element_type=\"widget\" data-e-type=\"widget\" data-settings=\"{&quot;ekit_we_effect_on&quot;:&quot;none&quot;}\" data-widget_type=\"xs-featured-box.default\">\n\t\t\t\t<div class=\"elementor-widget-container\">\n\t\t\t\t\t\n\n                    <div class=\"xs-service-promo\">\n                                    <span class=\"icon-children color-orange\"><\/span>\n                                                    <h5>Kinderprogramm<br \/>und Unterhaltung <\/h5>\n                                                    <p>Es wird auch eine Kinderunterhaltung angeboten. Die Kinder haben die M\u00f6glichkeit, sich von verschiedenen K\u00fcnstlern und verschiedenen Attraktionen unterhalten zu lassen.<\/p>\n                                                    <div class=\"xs-service-promo-overlay\"><\/div>\n                            <\/div>\n        \t\t\t\t\t<\/div>\n\t\t\t\t<\/div>\n\t\t\t\t\t<\/div>\n\t\t<\/div>\n\t\t\t\t<div class=\"elementor-column elementor-col-33 elementor-inner-column elementor-element elementor-element-16fe7ff\" data-id=\"16fe7ff\" data-element_type=\"column\" data-e-type=\"column\">\n\t\t\t<div class=\"elementor-widget-wrap elementor-element-populated\">\n\t\t\t\t\t\t<div class=\"elementor-element elementor-element-26ecc2f charitious-align-center elementor-widget elementor-widget-xs-featured-box\" data-id=\"26ecc2f\" data-element_type=\"widget\" data-e-type=\"widget\" data-settings=\"{&quot;ekit_we_effect_on&quot;:&quot;none&quot;}\" data-widget_type=\"xs-featured-box.default\">\n\t\t\t\t<div class=\"elementor-widget-container\">\n\t\t\t\t\t\n\n                    <div class=\"xs-service-promo\">\n                                    <span class=\"icon-heartbeat color-purple\"><\/span>\n                                                    <h5>Challenge <br \/> Solidarity und Charity<\/h5>\n                                                    <p>In dem Versuch, armen Kindern oder Waisenkindern in Kamerun zu helfen, m\u00f6chte der CC e.V. innerhalb der kamerunischen Gemeinschaft eine Referenz bei der Durchf\u00fchrung sozialer Aktivit\u00e4ten im Ausland sein.<\/p>\n                                                    <div class=\"xs-service-promo-overlay\"><\/div>\n                            <\/div>\n        \t\t\t\t\t<\/div>\n\t\t\t\t<\/div>\n\t\t\t\t\t<\/div>\n\t\t<\/div>\n\t\t\t\t\t<\/div>\n\t\t<\/section>\n\t\t\t\t<section class=\"elementor-section elementor-inner-section elementor-element elementor-element-ae36caa elementor-section-boxed elementor-section-height-default elementor-section-height-default\" data-id=\"ae36caa\" data-element_type=\"section\" data-e-type=\"section\">\n\t\t\t\t\t\t<div class=\"elementor-container elementor-column-gap-default\">\n\t\t\t\t\t<div class=\"elementor-column elementor-col-33 elementor-inner-column elementor-element elementor-element-d25215e\" data-id=\"d25215e\" data-element_type=\"column\" data-e-type=\"column\" data-settings=\"{&quot;background_background&quot;:&quot;classic&quot;}\">\n\t\t\t<div class=\"elementor-widget-wrap elementor-element-populated\">\n\t\t\t\t\t\t<div class=\"elementor-element elementor-element-09519eb charitious-align-center elementor-widget elementor-widget-xs-featured-box\" data-id=\"09519eb\" data-element_type=\"widget\" data-e-type=\"widget\" data-settings=\"{&quot;ekit_we_effect_on&quot;:&quot;none&quot;}\" data-widget_type=\"xs-featured-box.default\">\n\t\t\t\t<div class=\"elementor-widget-container\">\n\t\t\t\t\t\n\n                    <div class=\"xs-service-promo\">\n                                    <span class=\"icon icon-music-note\"><\/span>\n                                                    <h5>Challenge<br \/>Disco Night<\/h5>\n                                                    <p>Am Ende des ersten Tages der CC-Veranstaltung findet einer der H\u00f6hepunkte statt: die Disco Night. Das Programm erm\u00f6glicht es den zahlreichen Teilnehmern, sich an einer Vielzahl von Musikstilen (sowohl kamerunische als auch internationale) zu erfreuen und renommierte K\u00fcnstler oder Artisten zu am\u00fcsieren.<\/p>\n                                                    <div class=\"xs-service-promo-overlay\"><\/div>\n                            <\/div>\n        \t\t\t\t\t<\/div>\n\t\t\t\t<\/div>\n\t\t\t\t\t<\/div>\n\t\t<\/div>\n\t\t\t\t<div class=\"elementor-column elementor-col-33 elementor-inner-column elementor-element elementor-element-2af0c3d\" data-id=\"2af0c3d\" data-element_type=\"column\" data-e-type=\"column\">\n\t\t\t<div class=\"elementor-widget-wrap elementor-element-populated\">\n\t\t\t\t\t\t<div class=\"elementor-element elementor-element-b2c8293 charitious-align-center elementor-widget elementor-widget-xs-featured-box\" data-id=\"b2c8293\" data-element_type=\"widget\" data-e-type=\"widget\" data-settings=\"{&quot;ekit_we_effect_on&quot;:&quot;none&quot;}\" data-widget_type=\"xs-featured-box.default\">\n\t\t\t\t<div class=\"elementor-widget-container\">\n\t\t\t\t\t\n\n                    <div class=\"xs-service-promo\">\n                                    <span class=\"fa fa-soccer-ball-o\"><\/span>\n                                                    <h5>Challenge<br \/>Sport<\/h5>\n                                                    <p>Die CC-Veranstaltung begann 1992 mit nur einem Fussballturnier. Im Laufe der Jahre kamen Handball, Leichtathletik und Basketball hinzu. Das Sportereignis bleibt die Kernaktivit\u00e4t und ruft jedes Jahr, das Ereignis erzeugt wunderbare Emotionen bei den Teilnehmern und Besuchern.<\/p>\n                                                    <div class=\"xs-service-promo-overlay\"><\/div>\n                            <\/div>\n        \t\t\t\t\t<\/div>\n\t\t\t\t<\/div>\n\t\t\t\t\t<\/div>\n\t\t<\/div>\n\t\t\t\t<div class=\"elementor-column elementor-col-33 elementor-inner-column elementor-element elementor-element-f625631\" data-id=\"f625631\" data-element_type=\"column\" data-e-type=\"column\">\n\t\t\t<div class=\"elementor-widget-wrap elementor-element-populated\">\n\t\t\t\t\t\t<div class=\"elementor-element elementor-element-eb15279 charitious-align-center elementor-widget elementor-widget-xs-featured-box\" data-id=\"eb15279\" data-element_type=\"widget\" data-e-type=\"widget\" data-settings=\"{&quot;ekit_we_effect_on&quot;:&quot;none&quot;}\" data-widget_type=\"xs-featured-box.default\">\n\t\t\t\t<div class=\"elementor-widget-container\">\n\t\t\t\t\t\n\n                    <div class=\"xs-service-promo\">\n                                    <span class=\"icon icon-graduation-hat\"><\/span>\n                                                    <h5>Business und<br \/>  Social Forum<\/h5>\n                                                    <p>Das Ziel dieser Veranstaltung, die von Anfang an haupts\u00e4chlich dem Sport gewidmet war, wurde im Laufe der Jahre durch das wachsende Interesse und den immer gr\u00f6\u00dferen Ansturm auf kulturelle Aspekte erg\u00e4nzt.<\/p>\n                                                    <div class=\"xs-service-promo-overlay\"><\/div>\n                            <\/div>\n        \t\t\t\t\t<\/div>\n\t\t\t\t<\/div>\n\t\t\t\t\t<\/div>\n\t\t<\/div>\n\t\t\t\t\t<\/div>\n\t\t<\/section>\n\t\t\t\t\t<\/div>\n\t\t<\/div>\n\t\t\t\t\t<\/div>\n\t\t<\/section>\n\t\t\t\t<\/div>\n\t\t","protected":false},"excerpt":{"rendered":"<p>Challenge Camerounais Event (CC Event) More than just a game Open Air Festival Neben sportlichen Aktivit\u00e4ten wie Fu\u00dfball ist das Open-Air-Festival eine der gr\u00f6\u00dften Attraktionen des Challenge Camerounais. Kinderprogramm und Unterhaltung Es wird auch eine Kinderunterhaltung angeboten. Die Kinder haben die M\u00f6glichkeit, sich von verschiedenen K\u00fcnstlern und verschiedenen Attraktionen unterhalten zu lassen. Challenge Solidarity und [&hellip;]<\/p>\n","protected":false},"author":44,"featured_media":0,"parent":0,"menu_order":0,"comment_status":"closed","ping_status":"closed","template":"template\/template-full-width.php","meta":{"footnotes":""},"class_list":["post-3606","page","type-page","status-publish","hentry"],"yoast_head":"<!-- This site is optimized with the Yoast SEO Premium plugin v24.8 (Yoast SEO v27.3) - https:\/\/yoast.com\/product\/yoast-seo-premium-wordpress\/ -->\n<title>Challenge Camerounais e.V. &#8211; CC Event<\/title>\n<meta name=\"description\" content=\"Challenge Camerounais Event (CC Event) More than just a game Open Air Festival Neben sportlichen Aktivit\u00e4ten wie Fu\u00dfball ist das Open-Air-Festival eine\" \/>\n<meta name=\"robots\" content=\"index, follow, max-snippet:-1, max-image-preview:large, max-video-preview:-1\" \/>\n<link rel=\"canonical\" href=\"https:\/\/www.challenge-camerounais.com\/de\/cc-event\/\" \/>\n<meta property=\"og:locale\" content=\"de_DE\" \/>\n<meta property=\"og:type\" content=\"article\" \/>\n<meta property=\"og:title\" content=\"CC Event\" \/>\n<meta property=\"og:description\" content=\"Challenge Camerounais Event (CC Event) More than just a game Open Air Festival Neben sportlichen Aktivit\u00e4ten wie Fu\u00dfball ist das Open-Air-Festival eine\" \/>\n<meta property=\"og:url\" content=\"https:\/\/www.challenge-camerounais.com\/de\/cc-event\/\" \/>\n<meta property=\"og:site_name\" content=\"Challenge Camerounais e.V.\" \/>\n<meta property=\"article:publisher\" content=\"https:\/\/www.facebook.com\/ChallengeCamerounais\/\" \/>\n<meta property=\"article:modified_time\" content=\"2020-09-25T00:41:26+00:00\" \/>\n<meta property=\"og:image\" content=\"https:\/\/www.challenge-camerounais.com\/wp-content\/uploads\/2018\/04\/challenge-logo-3.png\" \/>\n\t<meta property=\"og:image:width\" content=\"2144\" \/>\n\t<meta property=\"og:image:height\" content=\"1199\" \/>\n\t<meta property=\"og:image:type\" content=\"image\/png\" \/>\n<meta name=\"twitter:card\" content=\"summary_large_image\" \/>\n<meta name=\"twitter:site\" content=\"@challenge_camer\" \/>\n<meta name=\"twitter:label1\" content=\"Gesch\u00e4tzte Lesezeit\" \/>\n\t<meta name=\"twitter:data1\" content=\"1\u00a0Minute\" \/>\n<script type=\"application\/ld+json\" class=\"yoast-schema-graph\">{\"@context\":\"https:\\\/\\\/schema.org\",\"@graph\":[{\"@type\":\"WebPage\",\"@id\":\"https:\\\/\\\/www.challenge-camerounais.com\\\/de\\\/cc-event\\\/\",\"url\":\"https:\\\/\\\/www.challenge-camerounais.com\\\/de\\\/cc-event\\\/\",\"name\":\"Challenge Camerounais e.V. &#8211; CC Event\",\"isPartOf\":{\"@id\":\"https:\\\/\\\/www.challenge-camerounais.com\\\/de\\\/#website\"},\"datePublished\":\"2020-08-05T22:02:40+00:00\",\"dateModified\":\"2020-09-25T00:41:26+00:00\",\"description\":\"Challenge Camerounais Event (CC Event) More than just a game Open Air Festival Neben sportlichen Aktivit\u00e4ten wie Fu\u00dfball ist das Open-Air-Festival eine\",\"breadcrumb\":{\"@id\":\"https:\\\/\\\/www.challenge-camerounais.com\\\/de\\\/cc-event\\\/#breadcrumb\"},\"inLanguage\":\"de\",\"potentialAction\":[{\"@type\":\"ReadAction\",\"target\":[\"https:\\\/\\\/www.challenge-camerounais.com\\\/de\\\/cc-event\\\/\"]}]},{\"@type\":\"BreadcrumbList\",\"@id\":\"https:\\\/\\\/www.challenge-camerounais.com\\\/de\\\/cc-event\\\/#breadcrumb\",\"itemListElement\":[{\"@type\":\"ListItem\",\"position\":1,\"name\":\"Home\",\"item\":\"https:\\\/\\\/www.challenge-camerounais.com\\\/de\\\/\"},{\"@type\":\"ListItem\",\"position\":2,\"name\":\"CC Event\"}]},{\"@type\":\"WebSite\",\"@id\":\"https:\\\/\\\/www.challenge-camerounais.com\\\/de\\\/#website\",\"url\":\"https:\\\/\\\/www.challenge-camerounais.com\\\/de\\\/\",\"name\":\"Challenge Camerounais e.V.\",\"description\":\"More than just a game!\",\"publisher\":{\"@id\":\"https:\\\/\\\/www.challenge-camerounais.com\\\/de\\\/#organization\"},\"alternateName\":\"CC e.V.\",\"potentialAction\":[{\"@type\":\"SearchAction\",\"target\":{\"@type\":\"EntryPoint\",\"urlTemplate\":\"https:\\\/\\\/www.challenge-camerounais.com\\\/de\\\/?s={search_term_string}\"},\"query-input\":{\"@type\":\"PropertyValueSpecification\",\"valueRequired\":true,\"valueName\":\"search_term_string\"}}],\"inLanguage\":\"de\"},{\"@type\":\"Organization\",\"@id\":\"https:\\\/\\\/www.challenge-camerounais.com\\\/de\\\/#organization\",\"name\":\"Challenge Camerounais e.V.\",\"alternateName\":\"CC e.V.\",\"url\":\"https:\\\/\\\/www.challenge-camerounais.com\\\/de\\\/\",\"logo\":{\"@type\":\"ImageObject\",\"inLanguage\":\"de\",\"@id\":\"https:\\\/\\\/www.challenge-camerounais.com\\\/de\\\/#\\\/schema\\\/logo\\\/image\\\/\",\"url\":\"https:\\\/\\\/www.challenge-camerounais.com\\\/wp-content\\\/uploads\\\/2018\\\/04\\\/challenge-logo-3.png\",\"contentUrl\":\"https:\\\/\\\/www.challenge-camerounais.com\\\/wp-content\\\/uploads\\\/2018\\\/04\\\/challenge-logo-3.png\",\"width\":2144,\"height\":1199,\"caption\":\"Challenge Camerounais e.V.\"},\"image\":{\"@id\":\"https:\\\/\\\/www.challenge-camerounais.com\\\/de\\\/#\\\/schema\\\/logo\\\/image\\\/\"},\"sameAs\":[\"https:\\\/\\\/www.facebook.com\\\/ChallengeCamerounais\\\/\",\"https:\\\/\\\/x.com\\\/challenge_camer\",\"https:\\\/\\\/www.youtube.com\\\/user\\\/ChallengeCamerounais\",\"https:\\\/\\\/www.instagram.com\\\/challenge.camerounais\",\"https:\\\/\\\/www.tiktok.com\\\/@challenge.camerou\"],\"description\":\"Challenge Camerounais e.V., a non-profit organization that aims to promote social integration, intercultural communication, and economic cooperation between the Cameroonian community in Germany and its host country. The yearly event, which has been held since 1992, features a variety of activities including football, basketball, handball, cultural events, and a business and social forum. It's a great opportunity for the Cameroonian community to come together, celebrate their culture, and build connections\",\"email\":\"contact@challenge-camerounais.com\",\"legalName\":\"Challenge Camerounais e.V.\",\"foundingDate\":\"1992-06-05\",\"numberOfEmployees\":{\"@type\":\"QuantitativeValue\",\"minValue\":\"1\",\"maxValue\":\"10\"},\"publishingPrinciples\":\"https:\\\/\\\/www.challenge-camerounais.com\\\/legal-disclosure\\\/\"}]}<\/script>\n<!-- \/ Yoast SEO Premium plugin. -->","yoast_head_json":{"title":"Challenge Camerounais e.V. &#8211; CC Event","description":"Challenge Camerounais Event (CC Event) More than just a game Open Air Festival Neben sportlichen Aktivit\u00e4ten wie Fu\u00dfball ist das Open-Air-Festival eine","robots":{"index":"index","follow":"follow","max-snippet":"max-snippet:-1","max-image-preview":"max-image-preview:large","max-video-preview":"max-video-preview:-1"},"canonical":"https:\/\/www.challenge-camerounais.com\/de\/cc-event\/","og_locale":"de_DE","og_type":"article","og_title":"CC Event","og_description":"Challenge Camerounais Event (CC Event) More than just a game Open Air Festival Neben sportlichen Aktivit\u00e4ten wie Fu\u00dfball ist das Open-Air-Festival eine","og_url":"https:\/\/www.challenge-camerounais.com\/de\/cc-event\/","og_site_name":"Challenge Camerounais e.V.","article_publisher":"https:\/\/www.facebook.com\/ChallengeCamerounais\/","article_modified_time":"2020-09-25T00:41:26+00:00","og_image":[{"width":2144,"height":1199,"url":"https:\/\/www.challenge-camerounais.com\/wp-content\/uploads\/2018\/04\/challenge-logo-3.png","type":"image\/png"}],"twitter_card":"summary_large_image","twitter_site":"@challenge_camer","twitter_misc":{"Gesch\u00e4tzte Lesezeit":"1\u00a0Minute"},"schema":{"@context":"https:\/\/schema.org","@graph":[{"@type":"WebPage","@id":"https:\/\/www.challenge-camerounais.com\/de\/cc-event\/","url":"https:\/\/www.challenge-camerounais.com\/de\/cc-event\/","name":"Challenge Camerounais e.V. &#8211; CC Event","isPartOf":{"@id":"https:\/\/www.challenge-camerounais.com\/de\/#website"},"datePublished":"2020-08-05T22:02:40+00:00","dateModified":"2020-09-25T00:41:26+00:00","description":"Challenge Camerounais Event (CC Event) More than just a game Open Air Festival Neben sportlichen Aktivit\u00e4ten wie Fu\u00dfball ist das Open-Air-Festival eine","breadcrumb":{"@id":"https:\/\/www.challenge-camerounais.com\/de\/cc-event\/#breadcrumb"},"inLanguage":"de","potentialAction":[{"@type":"ReadAction","target":["https:\/\/www.challenge-camerounais.com\/de\/cc-event\/"]}]},{"@type":"BreadcrumbList","@id":"https:\/\/www.challenge-camerounais.com\/de\/cc-event\/#breadcrumb","itemListElement":[{"@type":"ListItem","position":1,"name":"Home","item":"https:\/\/www.challenge-camerounais.com\/de\/"},{"@type":"ListItem","position":2,"name":"CC Event"}]},{"@type":"WebSite","@id":"https:\/\/www.challenge-camerounais.com\/de\/#website","url":"https:\/\/www.challenge-camerounais.com\/de\/","name":"Challenge Camerounais e.V.","description":"More than just a game!","publisher":{"@id":"https:\/\/www.challenge-camerounais.com\/de\/#organization"},"alternateName":"CC e.V.","potentialAction":[{"@type":"SearchAction","target":{"@type":"EntryPoint","urlTemplate":"https:\/\/www.challenge-camerounais.com\/de\/?s={search_term_string}"},"query-input":{"@type":"PropertyValueSpecification","valueRequired":true,"valueName":"search_term_string"}}],"inLanguage":"de"},{"@type":"Organization","@id":"https:\/\/www.challenge-camerounais.com\/de\/#organization","name":"Challenge Camerounais e.V.","alternateName":"CC e.V.","url":"https:\/\/www.challenge-camerounais.com\/de\/","logo":{"@type":"ImageObject","inLanguage":"de","@id":"https:\/\/www.challenge-camerounais.com\/de\/#\/schema\/logo\/image\/","url":"https:\/\/www.challenge-camerounais.com\/wp-content\/uploads\/2018\/04\/challenge-logo-3.png","contentUrl":"https:\/\/www.challenge-camerounais.com\/wp-content\/uploads\/2018\/04\/challenge-logo-3.png","width":2144,"height":1199,"caption":"Challenge Camerounais e.V."},"image":{"@id":"https:\/\/www.challenge-camerounais.com\/de\/#\/schema\/logo\/image\/"},"sameAs":["https:\/\/www.facebook.com\/ChallengeCamerounais\/","https:\/\/x.com\/challenge_camer","https:\/\/www.youtube.com\/user\/ChallengeCamerounais","https:\/\/www.instagram.com\/challenge.camerounais","https:\/\/www.tiktok.com\/@challenge.camerou"],"description":"Challenge Camerounais e.V., a non-profit organization that aims to promote social integration, intercultural communication, and economic cooperation between the Cameroonian community in Germany and its host country. The yearly event, which has been held since 1992, features a variety of activities including football, basketball, handball, cultural events, and a business and social forum. It's a great opportunity for the Cameroonian community to come together, celebrate their culture, and build connections","email":"contact@challenge-camerounais.com","legalName":"Challenge Camerounais e.V.","foundingDate":"1992-06-05","numberOfEmployees":{"@type":"QuantitativeValue","minValue":"1","maxValue":"10"},"publishingPrinciples":"https:\/\/www.challenge-camerounais.com\/legal-disclosure\/"}]}},"_links":{"self":[{"href":"https:\/\/www.challenge-camerounais.com\/de\/wp-json\/wp\/v2\/pages\/3606","targetHints":{"allow":["GET"]}}],"collection":[{"href":"https:\/\/www.challenge-camerounais.com\/de\/wp-json\/wp\/v2\/pages"}],"about":[{"href":"https:\/\/www.challenge-camerounais.com\/de\/wp-json\/wp\/v2\/types\/page"}],"author":[{"embeddable":true,"href":"https:\/\/www.challenge-camerounais.com\/de\/wp-json\/wp\/v2\/users\/44"}],"replies":[{"embeddable":true,"href":"https:\/\/www.challenge-camerounais.com\/de\/wp-json\/wp\/v2\/comments?post=3606"}],"version-history":[{"count":0,"href":"https:\/\/www.challenge-camerounais.com\/de\/wp-json\/wp\/v2\/pages\/3606\/revisions"}],"wp:attachment":[{"href":"https:\/\/www.challenge-camerounais.com\/de\/wp-json\/wp\/v2\/media?parent=3606"}],"curies":[{"name":"wp","href":"https:\/\/api.w.org\/{rel}","templated":true}]}}